{"id":139,"date":"2024-04-03T15:32:39","date_gmt":"2024-04-03T15:32:39","guid":{"rendered":"https:\/\/start.city-map.com\/?post_type=product&#038;p=139"},"modified":"2025-11-27T16:22:11","modified_gmt":"2025-11-27T15:22:11","slug":"businesscard","status":"publish","type":"product","link":"https:\/\/start.city-map.com\/en\/produkt\/businesscard\/","title":{"rendered":"businessCARD<br>Aktionspreis: 3,00 \u20ac* je Monat, Jahrespreis"},"content":{"rendered":"<h3>BusinessCARD: Ihre Visitenkarte im digitalen Zeitalter<\/h3>\n<p><strong>Mehr als nur eine Visitenkarte &#8211; Ihre professionelle Online-Pr\u00e4senz<\/strong><\/p>\n<p>Mit der city-map businessCARD heben Sie Ihre professionelle Pr\u00e4senz auf das n\u00e4chste Level.<\/p>\n<p><strong>Ihre Vorteile:<\/strong><\/p>\n<ul>\n<li><strong>Starke Online-Pr\u00e4senz:<\/strong> Ihre Visitenkarte wird in bis zu 5 Branchenlisten gelistet, so dass Sie von potenziellen Kunden schnell und einfach gefunden werden.<\/li>\n<li><strong>Hervorheben aus der Masse:<\/strong> Durch das vorrangige Listing in den Branchenlisten stechen Sie von Ihren Konkurrenten ab und gewinnen mehr Aufmerksamkeit.<\/li>\n<li><strong>Bleiben Sie auf dem neuesten Stand:<\/strong> Informieren Sie Ihre Kunden \u00fcber \u00d6ffnungszeiten, Veranstaltungen und aktuelle Angebote.<\/li>\n<\/ul>\n<p><strong><br \/>\nBusinessCARD &#8211; die perfekte L\u00f6sung f\u00fcr eine starke Online-Pr\u00e4senz<\/strong><\/p>\n","protected":false},"excerpt":{"rendered":"<p><strong class=\"entry--label\">Aktionspreis: <\/strong><span class=\"entry--content\">3,00 \u20ac* je Monat, 12 Monate Laufzeit<\/span><\/p>\n<div class=\"product--delivery\">\n<ul>\n<li class=\"delivery--information\"><span class=\"delivery--text delivery--text-shipping-free\"><i class=\"delivery--status-icon delivery--status-shipping-free\"><\/i>\u00a0Zugangsdaten erhalten Sie nach Freischaltung!<\/span><\/li>\n<li class=\"delivery--information\"><span class=\"delivery--text delivery--text-available\"><i class=\"delivery--status-icon delivery--status-available\"><\/i>\u00a0Direkte Freischaltung innerhalb eines Werktages!<\/span><\/li>\n<\/ul>\n<\/div>\n","protected":false},"featured_media":457,"template":"","meta":[],"product_brand":[],"product_cat":[68,61,39],"product_tag":[48,45,46,49,52,50,43,51,47,44],"class_list":{"0":"post-139","1":"product","2":"type-product","3":"status-publish","4":"has-post-thumbnail","6":"product_cat-alle-leistungen","7":"product_cat-highlight-angebot","8":"product_cat-onlinemarketing","9":"product_tag-angebote","10":"product_tag-brancheneintrag","11":"product_tag-branchenverzeichnis","12":"product_tag-gutscheine","13":"product_tag-mittagstisch","14":"product_tag-oeffnungszeiten","15":"product_tag-regionales-onlinemarketing","16":"product_tag-speisekarte","17":"product_tag-veranstaltungen","18":"product_tag-visitenkarte","20":"first","21":"instock","22":"sale","23":"virtual","24":"sold-individually","25":"taxable","26":"purchasable","27":"product-type-simple"},"_links":{"self":[{"href":"https:\/\/start.city-map.com\/en\/wp-json\/wp\/v2\/product\/139","targetHints":{"allow":["GET"]}}],"collection":[{"href":"https:\/\/start.city-map.com\/en\/wp-json\/wp\/v2\/product"}],"about":[{"href":"https:\/\/start.city-map.com\/en\/wp-json\/wp\/v2\/types\/product"}],"wp:featuredmedia":[{"embeddable":true,"href":"https:\/\/start.city-map.com\/en\/wp-json\/wp\/v2\/media\/457"}],"wp:attachment":[{"href":"https:\/\/start.city-map.com\/en\/wp-json\/wp\/v2\/media?parent=139"}],"wp:term":[{"taxonomy":"product_brand","embeddable":true,"href":"https:\/\/start.city-map.com\/en\/wp-json\/wp\/v2\/product_brand?post=139"},{"taxonomy":"product_cat","embeddable":true,"href":"https:\/\/start.city-map.com\/en\/wp-json\/wp\/v2\/product_cat?post=139"},{"taxonomy":"product_tag","embeddable":true,"href":"https:\/\/start.city-map.com\/en\/wp-json\/wp\/v2\/product_tag?post=139"}],"curies":[{"name":"wp","href":"https:\/\/api.w.org\/{rel}","templated":true}]}}