{"id":373,"date":"2024-05-16T11:10:50","date_gmt":"2024-05-16T11:10:50","guid":{"rendered":"https:\/\/start.city-map.com\/?post_type=product&#038;p=373"},"modified":"2025-11-27T16:21:54","modified_gmt":"2025-11-27T15:21:54","slug":"businesscard-lvl-2","status":"publish","type":"product","link":"https:\/\/start.city-map.com\/en\/produkt\/businesscard-lvl-2\/","title":{"rendered":"businessCARD+ LvL 2"},"content":{"rendered":"<h3>BusinessCARD+ LvL 2: Ihre Visitenkarte im digitalen Zeitalter<\/h3>\n<p><strong>Mehr als nur eine Visitenkarte &#8211; Ihre professionelle Online-Pr\u00e4senz<\/strong><\/p>\n<p>Mit BusinessCARD+ LvL 2 heben Sie Ihre professionelle Pr\u00e4senz auf das n\u00e4chste Level.<\/p>\n<p><strong>Ihre Vorteile:<\/strong><\/p>\n<ul>\n<li><strong>Starke Online-Pr\u00e4senz:<\/strong> Ihre Visitenkarte wird in bis zu 5 Branchenlisten gelistet, so dass Sie von potenziellen Kunden schnell und einfach gefunden werden.<\/li>\n<li><strong>Hervorheben aus der Masse:<\/strong> Durch das vorrangige Listing in den Branchenlisten stechen Sie von Ihren Konkurrenten ab und gewinnen mehr Aufmerksamkeit.<\/li>\n<li><strong>Professionelle Website inklusive:<\/strong> Pr\u00e4sentieren Sie Ihr Unternehmen mit einer modernen, responsiven Website, die auf allen Ger\u00e4ten optimal dargestellt wird.<\/li>\n<li><strong>Gro\u00dfes Bild und erweiterte Textm\u00f6glichkeiten:<\/strong> Erz\u00e4hlen Sie Ihre Unternehmensgeschichte mit aussagekr\u00e4ftigen Bildern und ausf\u00fchrlichen Texten.<\/li>\n<li><strong>Bleiben Sie auf dem neuesten Stand:<\/strong> Informieren Sie Ihre Kunden \u00fcber \u00d6ffnungszeiten, Veranstaltungen und aktuelle Angebote.<\/li>\n<\/ul>\n<p><strong><br \/>\nBusinessCARD+ LvL 2 &#8211; die perfekte L\u00f6sung f\u00fcr eine starke Online-Pr\u00e4senz<\/strong><\/p>\n","protected":false},"excerpt":{"rendered":"<p><strong class=\"entry--label\">Aktionspreis: <\/strong>35,1<span class=\"entry--content\">0 \u20ac* je Monat, 12 Monate Laufzeit<\/span><\/p>\n<div class=\"product--delivery\">\n<ul>\n<li class=\"delivery--information\"><span class=\"delivery--text delivery--text-shipping-free\"><i class=\"delivery--status-icon delivery--status-shipping-free\"><\/i>\u00a0Zugangsdaten erhalten Sie nach Freischaltung!<\/span><\/li>\n<li class=\"delivery--information\"><span class=\"delivery--text delivery--text-available\"><i class=\"delivery--status-icon delivery--status-available\"><\/i>\u00a0Direkte Freischaltung innerhalb eines Werktages!<\/span><\/li>\n<\/ul>\n<\/div>\n","protected":false},"featured_media":455,"template":"","meta":[],"product_brand":[],"product_cat":[68,39],"product_tag":[48,45,46,49,52,50,53,43,51,47,44],"class_list":{"0":"post-373","1":"product","2":"type-product","3":"status-publish","4":"has-post-thumbnail","6":"product_cat-alle-leistungen","7":"product_cat-onlinemarketing","8":"product_tag-angebote","9":"product_tag-brancheneintrag","10":"product_tag-branchenverzeichnis","11":"product_tag-gutscheine","12":"product_tag-mittagstisch","13":"product_tag-oeffnungszeiten","14":"product_tag-powersite","15":"product_tag-regionales-onlinemarketing","16":"product_tag-speisekarte","17":"product_tag-veranstaltungen","18":"product_tag-visitenkarte","20":"first","21":"instock","22":"virtual","23":"sold-individually","24":"taxable","25":"purchasable","26":"product-type-simple"},"_links":{"self":[{"href":"https:\/\/start.city-map.com\/en\/wp-json\/wp\/v2\/product\/373","targetHints":{"allow":["GET"]}}],"collection":[{"href":"https:\/\/start.city-map.com\/en\/wp-json\/wp\/v2\/product"}],"about":[{"href":"https:\/\/start.city-map.com\/en\/wp-json\/wp\/v2\/types\/product"}],"wp:featuredmedia":[{"embeddable":true,"href":"https:\/\/start.city-map.com\/en\/wp-json\/wp\/v2\/media\/455"}],"wp:attachment":[{"href":"https:\/\/start.city-map.com\/en\/wp-json\/wp\/v2\/media?parent=373"}],"wp:term":[{"taxonomy":"product_brand","embeddable":true,"href":"https:\/\/start.city-map.com\/en\/wp-json\/wp\/v2\/product_brand?post=373"},{"taxonomy":"product_cat","embeddable":true,"href":"https:\/\/start.city-map.com\/en\/wp-json\/wp\/v2\/product_cat?post=373"},{"taxonomy":"product_tag","embeddable":true,"href":"https:\/\/start.city-map.com\/en\/wp-json\/wp\/v2\/product_tag?post=373"}],"curies":[{"name":"wp","href":"https:\/\/api.w.org\/{rel}","templated":true}]}}