{"id":381,"date":"2024-05-16T11:20:32","date_gmt":"2024-05-16T11:20:32","guid":{"rendered":"https:\/\/start.city-map.com\/?post_type=product&#038;p=381"},"modified":"2025-11-27T16:21:36","modified_gmt":"2025-11-27T15:21:36","slug":"eigene-de-domain-z-b-meine-firma-de","status":"publish","type":"product","link":"https:\/\/start.city-map.com\/en\/produkt\/eigene-de-domain-z-b-meine-firma-de\/","title":{"rendered":"Eigene .de-Domain (z.B. meine-firma.de)"},"content":{"rendered":"<p>Einrichtung und Betrieb einer Internetadresse unter der Toplevel-Domain .de (Deutschland). Sie werden als Inhaber und Admin-C eingetragen und erhalten ein Domainzertifikat.<\/p>\n","protected":false},"excerpt":{"rendered":"<p><strong class=\"entry--label\">Preis: <\/strong>3,30<span class=\"entry--content\">\u00a0\u20ac* je Monat, 12 Monate Laufzeit<\/span><\/p>\n<div class=\"product--delivery\">\n<p>Sichern Sie sich Ihre einzigartige Internetadresse! Mit einer eigenen Domain heben Sie Ihre Online-Pr\u00e4senz hervor und schaffen eine professionelle Basis f\u00fcr Ihre Website oder Ihren E-Mail-Verkehr. W\u00e4hlen Sie aus einer Vielzahl an Endungen und machen Sie Ihre Marke unverwechselbar.<\/p>\n<\/div>\n","protected":false},"featured_media":461,"template":"","meta":[],"product_brand":[],"product_cat":[68,39,60],"product_tag":[66,64,65,67],"class_list":{"0":"post-381","1":"product","2":"type-product","3":"status-publish","4":"has-post-thumbnail","6":"product_cat-alle-leistungen","7":"product_cat-onlinemarketing","8":"product_cat-webhosting","9":"product_tag-de-domain","10":"product_tag-domain","11":"product_tag-internetadresse","12":"product_tag-webadresse","14":"first","15":"instock","16":"virtual","17":"sold-individually","18":"taxable","19":"purchasable","20":"product-type-simple"},"_links":{"self":[{"href":"https:\/\/start.city-map.com\/en\/wp-json\/wp\/v2\/product\/381","targetHints":{"allow":["GET"]}}],"collection":[{"href":"https:\/\/start.city-map.com\/en\/wp-json\/wp\/v2\/product"}],"about":[{"href":"https:\/\/start.city-map.com\/en\/wp-json\/wp\/v2\/types\/product"}],"wp:featuredmedia":[{"embeddable":true,"href":"https:\/\/start.city-map.com\/en\/wp-json\/wp\/v2\/media\/461"}],"wp:attachment":[{"href":"https:\/\/start.city-map.com\/en\/wp-json\/wp\/v2\/media?parent=381"}],"wp:term":[{"taxonomy":"product_brand","embeddable":true,"href":"https:\/\/start.city-map.com\/en\/wp-json\/wp\/v2\/product_brand?post=381"},{"taxonomy":"product_cat","embeddable":true,"href":"https:\/\/start.city-map.com\/en\/wp-json\/wp\/v2\/product_cat?post=381"},{"taxonomy":"product_tag","embeddable":true,"href":"https:\/\/start.city-map.com\/en\/wp-json\/wp\/v2\/product_tag?post=381"}],"curies":[{"name":"wp","href":"https:\/\/api.w.org\/{rel}","templated":true}]}}